{"id":20,"date":"2025-07-19T11:08:14","date_gmt":"2025-07-19T11:08:14","guid":{"rendered":"https:\/\/contabilidade.click\/?page_id=20"},"modified":"2026-02-19T12:57:26","modified_gmt":"2026-02-19T15:57:26","slug":"our-services","status":"publish","type":"page","link":"https:\/\/contabilidade.zip\/?page_id=20","title":{"rendered":"nossos-servicos"},"content":{"rendered":"\t\t<div data-elementor-type=\"wp-page\" data-elementor-id=\"20\" class=\"elementor elementor-20\" data-elementor-post-type=\"page\">\n\t\t\t\t<div class=\"elementor-element elementor-element-25a8cae7 e-flex e-con-boxed e-con e-parent\" data-id=\"25a8cae7\" data-element_type=\"container\" data-e-type=\"container\">\n\t\t\t\t\t<div class=\"e-con-inner\">\n\t\t<div class=\"elementor-element elementor-element-1163c694 e-con-full e-flex e-con e-child\" data-id=\"1163c694\" data-element_type=\"container\" data-e-type=\"container\">\n\t\t\t\t<div class=\"elementor-element elementor-element-37455a3 elementor-invisible elementor-widget elementor-widget-heading\" data-id=\"37455a3\" data-element_type=\"widget\" data-e-type=\"widget\" data-settings=\"{&quot;_animation&quot;:&quot;fadeIn&quot;}\" data-widget_type=\"heading.default\">\n\t\t\t\t\t<h1 class=\"elementor-heading-title elementor-size-default\"><br>Nossos Servi\u00e7os<\/h1>\t\t\t\t<\/div>\n\t\t\t\t<div class=\"elementor-element elementor-element-3b43db54 elementor-invisible elementor-widget elementor-widget-heading\" data-id=\"3b43db54\" data-element_type=\"widget\" data-e-type=\"widget\" data-settings=\"{&quot;_animation&quot;:&quot;fadeIn&quot;,&quot;_animation_delay&quot;:400}\" data-widget_type=\"heading.default\">\n\t\t\t\t\t<h2 class=\"elementor-heading-title elementor-size-default\">Al\u00e9m da Contabilidade.<\/h2>\t\t\t\t<\/div>\n\t\t\t\t<div class=\"elementor-element elementor-element-e35e004 elementor-widget elementor-widget-image\" data-id=\"e35e004\" data-element_type=\"widget\" data-e-type=\"widget\" data-widget_type=\"image.default\">\n\t\t\t\t\t\t\t\t\t\t\t\t\t\t\t<img fetchpriority=\"high\" decoding=\"async\" width=\"793\" height=\"523\" src=\"https:\/\/contabilidade.zip\/wp-content\/uploads\/sites\/4\/2025\/07\/Alem1.webp\" class=\"attachment-large size-large wp-image-313\" alt=\"\" srcset=\"https:\/\/contabilidade.zip\/wp-content\/uploads\/sites\/4\/2025\/07\/Alem1.webp 793w, https:\/\/contabilidade.zip\/wp-content\/uploads\/sites\/4\/2025\/07\/Alem1-300x198.webp 300w, https:\/\/contabilidade.zip\/wp-content\/uploads\/sites\/4\/2025\/07\/Alem1-768x507.webp 768w\" sizes=\"(max-width: 793px) 100vw, 793px\" \/>\t\t\t\t\t\t\t\t\t\t\t\t\t\t\t<\/div>\n\t\t\t\t<\/div>\n\t\t\t\t\t<\/div>\n\t\t\t\t<\/div>\n\t\t<div class=\"elementor-element elementor-element-4f8430b3 e-flex e-con-boxed e-con e-parent\" data-id=\"4f8430b3\" data-element_type=\"container\" data-e-type=\"container\">\n\t\t\t\t\t<div class=\"e-con-inner\">\n\t\t<div class=\"elementor-element elementor-element-66c691b4 e-con-full e-flex e-con e-child\" data-id=\"66c691b4\" data-element_type=\"container\" data-e-type=\"container\">\n\t\t<div class=\"elementor-element elementor-element-7cc173af e-con-full e-flex e-con e-child\" data-id=\"7cc173af\" data-element_type=\"container\" data-e-type=\"container\" data-settings=\"{&quot;background_background&quot;:&quot;classic&quot;}\">\n\t\t\t\t<div class=\"elementor-element elementor-element-d021a88 elementor-widget elementor-widget-image\" data-id=\"d021a88\" data-element_type=\"widget\" data-e-type=\"widget\" data-widget_type=\"image.default\">\n\t\t\t\t\t\t\t\t\t\t\t\t\t\t\t<img decoding=\"async\" width=\"618\" height=\"472\" src=\"https:\/\/contabilidade.zip\/wp-content\/uploads\/sites\/4\/2025\/07\/Contabilidade.webp\" class=\"attachment-large size-large wp-image-321\" alt=\"\" srcset=\"https:\/\/contabilidade.zip\/wp-content\/uploads\/sites\/4\/2025\/07\/Contabilidade.webp 618w, https:\/\/contabilidade.zip\/wp-content\/uploads\/sites\/4\/2025\/07\/Contabilidade-300x229.webp 300w\" sizes=\"(max-width: 618px) 100vw, 618px\" \/>\t\t\t\t\t\t\t\t\t\t\t\t\t\t\t<\/div>\n\t\t\t\t<\/div>\n\t\t<div class=\"elementor-element elementor-element-591f9b37 e-con-full e-flex e-con e-child\" data-id=\"591f9b37\" data-element_type=\"container\" data-e-type=\"container\">\n\t\t\t\t<div class=\"elementor-element elementor-element-16fa52b6 elementor-widget elementor-widget-heading\" data-id=\"16fa52b6\" data-element_type=\"widget\" data-e-type=\"widget\" data-widget_type=\"heading.default\">\n\t\t\t\t\t<h2 class=\"elementor-heading-title elementor-size-default\">Contabilidade<\/h2>\t\t\t\t<\/div>\n\t\t\t\t<div class=\"elementor-element elementor-element-44dfc547 elementor-widget-divider--view-line elementor-widget elementor-widget-divider\" data-id=\"44dfc547\" data-element_type=\"widget\" data-e-type=\"widget\" data-widget_type=\"divider.default\">\n\t\t\t\t\t\t\t<div class=\"elementor-divider\">\n\t\t\t<span class=\"elementor-divider-separator\">\n\t\t\t\t\t\t<\/span>\n\t\t<\/div>\n\t\t\t\t\t\t<\/div>\n\t\t\t\t<div class=\"elementor-element elementor-element-648c5f5d elementor-widget elementor-widget-text-editor\" data-id=\"648c5f5d\" data-element_type=\"widget\" data-e-type=\"widget\" data-widget_type=\"text-editor.default\">\n\t\t\t\t\t\t\t\t\t<p>Oferecemos servi\u00e7os de contabilidade de alta qualidade, garantindo que sua empresa esteja sempre em conformidade com a legisla\u00e7\u00e3o e aproveitando ao m\u00e1ximo cada oportunidade fiscal. Nossa equipe especializada utiliza tecnologia avan\u00e7ada para fornecer relat\u00f3rios precisos e insights valiosos, permitindo um gerenciamento financeiro eficiente e estrat\u00e9gico.<\/p>\t\t\t\t\t\t\t\t<\/div>\n\t\t\t\t<\/div>\n\t\t\t\t<\/div>\n\t\t<div class=\"elementor-element elementor-element-4a9cd723 e-con-full e-flex e-con e-child\" data-id=\"4a9cd723\" data-element_type=\"container\" data-e-type=\"container\">\n\t\t<div class=\"elementor-element elementor-element-4172b5af e-con-full e-flex e-con e-child\" data-id=\"4172b5af\" data-element_type=\"container\" data-e-type=\"container\" data-settings=\"{&quot;background_background&quot;:&quot;classic&quot;}\">\n\t\t\t\t<div class=\"elementor-element elementor-element-4732e32 elementor-widget elementor-widget-image\" data-id=\"4732e32\" data-element_type=\"widget\" data-e-type=\"widget\" data-widget_type=\"image.default\">\n\t\t\t\t\t\t\t\t\t\t\t\t\t\t\t<img decoding=\"async\" width=\"621\" height=\"485\" src=\"https:\/\/contabilidade.zip\/wp-content\/uploads\/sites\/4\/2025\/07\/SistemaGestao.webp\" class=\"attachment-large size-large wp-image-320\" alt=\"\" srcset=\"https:\/\/contabilidade.zip\/wp-content\/uploads\/sites\/4\/2025\/07\/SistemaGestao.webp 621w, https:\/\/contabilidade.zip\/wp-content\/uploads\/sites\/4\/2025\/07\/SistemaGestao-300x234.webp 300w\" sizes=\"(max-width: 621px) 100vw, 621px\" \/>\t\t\t\t\t\t\t\t\t\t\t\t\t\t\t<\/div>\n\t\t\t\t<\/div>\n\t\t<div class=\"elementor-element elementor-element-563ce5e0 e-con-full e-flex e-con e-child\" data-id=\"563ce5e0\" data-element_type=\"container\" data-e-type=\"container\">\n\t\t\t\t<div class=\"elementor-element elementor-element-756f131e elementor-widget elementor-widget-heading\" data-id=\"756f131e\" data-element_type=\"widget\" data-e-type=\"widget\" data-widget_type=\"heading.default\">\n\t\t\t\t\t<h2 class=\"elementor-heading-title elementor-size-default\">Sistema<\/h2>\t\t\t\t<\/div>\n\t\t\t\t<div class=\"elementor-element elementor-element-1c43de5b elementor-widget-divider--view-line elementor-widget elementor-widget-divider\" data-id=\"1c43de5b\" data-element_type=\"widget\" data-e-type=\"widget\" data-widget_type=\"divider.default\">\n\t\t\t\t\t\t\t<div class=\"elementor-divider\">\n\t\t\t<span class=\"elementor-divider-separator\">\n\t\t\t\t\t\t<\/span>\n\t\t<\/div>\n\t\t\t\t\t\t<\/div>\n\t\t\t\t<div class=\"elementor-element elementor-element-130cb5b5 elementor-widget elementor-widget-text-editor\" data-id=\"130cb5b5\" data-element_type=\"widget\" data-e-type=\"widget\" data-widget_type=\"text-editor.default\">\n\t\t\t\t\t\t\t\t\t<p>Nossos sistemas de gest\u00e3o s\u00e3o projetados para facilitar o controle e a efici\u00eancia de sua empresa. Com solu\u00e7\u00f5es personalizadas, integramos todas as \u00e1reas de sua opera\u00e7\u00e3o, promovendo a automa\u00e7\u00e3o de processos e melhorando a tomada de decis\u00f5es com dados em tempo real.<\/p>\t\t\t\t\t\t\t\t<\/div>\n\t\t\t\t<\/div>\n\t\t\t\t<\/div>\n\t\t<div class=\"elementor-element elementor-element-527f3161 e-con-full e-flex e-con e-child\" data-id=\"527f3161\" data-element_type=\"container\" data-e-type=\"container\">\n\t\t<div class=\"elementor-element elementor-element-3af31d1c e-con-full e-flex e-con e-child\" data-id=\"3af31d1c\" data-element_type=\"container\" data-e-type=\"container\" data-settings=\"{&quot;background_background&quot;:&quot;classic&quot;}\">\n\t\t\t\t<div class=\"elementor-element elementor-element-087c2d1 elementor-widget elementor-widget-image\" data-id=\"087c2d1\" data-element_type=\"widget\" data-e-type=\"widget\" data-widget_type=\"image.default\">\n\t\t\t\t\t\t\t\t\t\t\t\t\t\t\t<img loading=\"lazy\" decoding=\"async\" width=\"608\" height=\"472\" src=\"https:\/\/contabilidade.zip\/wp-content\/uploads\/sites\/4\/2025\/07\/CERTIFICA.webp\" class=\"attachment-large size-large wp-image-318\" alt=\"\" srcset=\"https:\/\/contabilidade.zip\/wp-content\/uploads\/sites\/4\/2025\/07\/CERTIFICA.webp 608w, https:\/\/contabilidade.zip\/wp-content\/uploads\/sites\/4\/2025\/07\/CERTIFICA-300x233.webp 300w\" sizes=\"(max-width: 608px) 100vw, 608px\" \/>\t\t\t\t\t\t\t\t\t\t\t\t\t\t\t<\/div>\n\t\t\t\t<\/div>\n\t\t<div class=\"elementor-element elementor-element-2793d952 e-con-full e-flex e-con e-child\" data-id=\"2793d952\" data-element_type=\"container\" data-e-type=\"container\">\n\t\t\t\t<div class=\"elementor-element elementor-element-70b46773 elementor-widget elementor-widget-heading\" data-id=\"70b46773\" data-element_type=\"widget\" data-e-type=\"widget\" data-widget_type=\"heading.default\">\n\t\t\t\t\t<h2 class=\"elementor-heading-title elementor-size-default\">Certificado<\/h2>\t\t\t\t<\/div>\n\t\t\t\t<div class=\"elementor-element elementor-element-342d3419 elementor-widget-divider--view-line elementor-widget elementor-widget-divider\" data-id=\"342d3419\" data-element_type=\"widget\" data-e-type=\"widget\" data-widget_type=\"divider.default\">\n\t\t\t\t\t\t\t<div class=\"elementor-divider\">\n\t\t\t<span class=\"elementor-divider-separator\">\n\t\t\t\t\t\t<\/span>\n\t\t<\/div>\n\t\t\t\t\t\t<\/div>\n\t\t\t\t<div class=\"elementor-element elementor-element-58ece96a elementor-widget elementor-widget-text-editor\" data-id=\"58ece96a\" data-element_type=\"widget\" data-e-type=\"widget\" data-widget_type=\"text-editor.default\">\n\t\t\t\t\t\t\t\t\t<p>Proteja suas transa\u00e7\u00f5es e informa\u00e7\u00f5es com nossos certificados digitais. Oferecemos solu\u00e7\u00f5es seguras que garantem a autenticidade e a integridade dos seus dados, essenciais para operar no ambiente digital moderno de forma segura e confi\u00e1vel.<\/p>\t\t\t\t\t\t\t\t<\/div>\n\t\t\t\t<\/div>\n\t\t\t\t<\/div>\n\t\t<div class=\"elementor-element elementor-element-225a89b7 e-con-full e-flex e-con e-child\" data-id=\"225a89b7\" data-element_type=\"container\" data-e-type=\"container\">\n\t\t<div class=\"elementor-element elementor-element-57d6684f e-con-full e-flex e-con e-child\" data-id=\"57d6684f\" data-element_type=\"container\" data-e-type=\"container\" data-settings=\"{&quot;background_background&quot;:&quot;classic&quot;}\">\n\t\t\t\t<div class=\"elementor-element elementor-element-91f3d56 elementor-widget elementor-widget-image\" data-id=\"91f3d56\" data-element_type=\"widget\" data-e-type=\"widget\" data-widget_type=\"image.default\">\n\t\t\t\t\t\t\t\t\t\t\t\t\t\t\t<img loading=\"lazy\" decoding=\"async\" width=\"617\" height=\"398\" src=\"https:\/\/contabilidade.zip\/wp-content\/uploads\/sites\/4\/2025\/07\/Benef.webp\" class=\"attachment-large size-large wp-image-322\" alt=\"\" srcset=\"https:\/\/contabilidade.zip\/wp-content\/uploads\/sites\/4\/2025\/07\/Benef.webp 617w, https:\/\/contabilidade.zip\/wp-content\/uploads\/sites\/4\/2025\/07\/Benef-300x194.jpg 300w\" sizes=\"(max-width: 617px) 100vw, 617px\" \/>\t\t\t\t\t\t\t\t\t\t\t\t\t\t\t<\/div>\n\t\t\t\t<\/div>\n\t\t<div class=\"elementor-element elementor-element-328b7604 e-con-full e-flex e-con e-child\" data-id=\"328b7604\" data-element_type=\"container\" data-e-type=\"container\">\n\t\t\t\t<div class=\"elementor-element elementor-element-308e302f elementor-widget elementor-widget-heading\" data-id=\"308e302f\" data-element_type=\"widget\" data-e-type=\"widget\" data-widget_type=\"heading.default\">\n\t\t\t\t\t<h2 class=\"elementor-heading-title elementor-size-default\">Benef\u00edcio<\/h2>\t\t\t\t<\/div>\n\t\t\t\t<div class=\"elementor-element elementor-element-1777d4ea elementor-widget-divider--view-line elementor-widget elementor-widget-divider\" data-id=\"1777d4ea\" data-element_type=\"widget\" data-e-type=\"widget\" data-widget_type=\"divider.default\">\n\t\t\t\t\t\t\t<div class=\"elementor-divider\">\n\t\t\t<span class=\"elementor-divider-separator\">\n\t\t\t\t\t\t<\/span>\n\t\t<\/div>\n\t\t\t\t\t\t<\/div>\n\t\t\t\t<div class=\"elementor-element elementor-element-76a40580 elementor-widget elementor-widget-text-editor\" data-id=\"76a40580\" data-element_type=\"widget\" data-e-type=\"widget\" data-widget_type=\"text-editor.default\">\n\t\t\t\t\t\t\t\t\t<p>Proporcione qualidade de vida aos seus colaboradores com nossos benef\u00edcios personalizados. Oferecemos vale-transporte, vale-refei\u00e7\u00e3o e plano odontol\u00f3gico, garantindo que sua equipe se sinta valorizada e cuidada. Invista no bem-estar dos seus funcion\u00e1rios e observe a produtividade crescer!<\/p>\t\t\t\t\t\t\t\t<\/div>\n\t\t\t\t<\/div>\n\t\t\t\t<\/div>\n\t\t<div class=\"elementor-element elementor-element-411c840f e-con-full e-flex e-con e-child\" data-id=\"411c840f\" data-element_type=\"container\" data-e-type=\"container\">\n\t\t<div class=\"elementor-element elementor-element-4458bf94 e-con-full e-flex e-con e-child\" data-id=\"4458bf94\" data-element_type=\"container\" data-e-type=\"container\" data-settings=\"{&quot;background_background&quot;:&quot;classic&quot;}\">\n\t\t\t\t<div class=\"elementor-element elementor-element-2194a24 elementor-widget elementor-widget-image\" data-id=\"2194a24\" data-element_type=\"widget\" data-e-type=\"widget\" data-widget_type=\"image.default\">\n\t\t\t\t\t\t\t\t\t\t\t\t\t\t\t<img loading=\"lazy\" decoding=\"async\" width=\"624\" height=\"457\" src=\"https:\/\/contabilidade.zip\/wp-content\/uploads\/sites\/4\/2025\/07\/NF.webp\" class=\"attachment-large size-large wp-image-319\" alt=\"\" srcset=\"https:\/\/contabilidade.zip\/wp-content\/uploads\/sites\/4\/2025\/07\/NF.webp 624w, https:\/\/contabilidade.zip\/wp-content\/uploads\/sites\/4\/2025\/07\/NF-300x220.webp 300w\" sizes=\"(max-width: 624px) 100vw, 624px\" \/>\t\t\t\t\t\t\t\t\t\t\t\t\t\t\t<\/div>\n\t\t\t\t<\/div>\n\t\t<div class=\"elementor-element elementor-element-33f0dbf4 e-con-full e-flex e-con e-child\" data-id=\"33f0dbf4\" data-element_type=\"container\" data-e-type=\"container\">\n\t\t\t\t<div class=\"elementor-element elementor-element-3d6593dd elementor-widget elementor-widget-heading\" data-id=\"3d6593dd\" data-element_type=\"widget\" data-e-type=\"widget\" data-widget_type=\"heading.default\">\n\t\t\t\t\t<h2 class=\"elementor-heading-title elementor-size-default\">Nota Fiscal<\/h2>\t\t\t\t<\/div>\n\t\t\t\t<div class=\"elementor-element elementor-element-3b953169 elementor-widget-divider--view-line elementor-widget elementor-widget-divider\" data-id=\"3b953169\" data-element_type=\"widget\" data-e-type=\"widget\" data-widget_type=\"divider.default\">\n\t\t\t\t\t\t\t<div class=\"elementor-divider\">\n\t\t\t<span class=\"elementor-divider-separator\">\n\t\t\t\t\t\t<\/span>\n\t\t<\/div>\n\t\t\t\t\t\t<\/div>\n\t\t\t\t<div class=\"elementor-element elementor-element-4490ed98 elementor-widget elementor-widget-text-editor\" data-id=\"4490ed98\" data-element_type=\"widget\" data-e-type=\"widget\" data-widget_type=\"text-editor.default\">\n\t\t\t\t\t\t\t\t\t<p>Simplifique a emiss\u00e3o de notas fiscais com nossa solu\u00e7\u00e3o pr\u00e1tica e eficiente. Garantimos que o processo seja r\u00e1pido e seguro, permitindo que voc\u00ea se concentre no crescimento do seu neg\u00f3cio, enquanto cuidamos para que sua documenta\u00e7\u00e3o esteja sempre em ordem.<\/p>\t\t\t\t\t\t\t\t<\/div>\n\t\t\t\t<\/div>\n\t\t\t\t<\/div>\n\t\t<div class=\"elementor-element elementor-element-2b8e0839 e-con-full e-flex e-con e-child\" data-id=\"2b8e0839\" data-element_type=\"container\" data-e-type=\"container\">\n\t\t<div class=\"elementor-element elementor-element-4e6044e2 e-con-full e-flex e-con e-child\" data-id=\"4e6044e2\" data-element_type=\"container\" data-e-type=\"container\" data-settings=\"{&quot;background_background&quot;:&quot;classic&quot;}\">\n\t\t\t\t<div class=\"elementor-element elementor-element-d44859f elementor-widget elementor-widget-image\" data-id=\"d44859f\" data-element_type=\"widget\" data-e-type=\"widget\" data-widget_type=\"image.default\">\n\t\t\t\t\t\t\t\t\t\t\t\t\t\t\t<img loading=\"lazy\" decoding=\"async\" width=\"620\" height=\"386\" src=\"https:\/\/contabilidade.zip\/wp-content\/uploads\/sites\/4\/2025\/07\/Mega.jpg\" class=\"attachment-large size-large wp-image-330\" alt=\"\" srcset=\"https:\/\/contabilidade.zip\/wp-content\/uploads\/sites\/4\/2025\/07\/Mega.jpg 620w, https:\/\/contabilidade.zip\/wp-content\/uploads\/sites\/4\/2025\/07\/Mega-300x187.jpg 300w\" sizes=\"(max-width: 620px) 100vw, 620px\" \/>\t\t\t\t\t\t\t\t\t\t\t\t\t\t\t<\/div>\n\t\t\t\t<\/div>\n\t\t<div class=\"elementor-element elementor-element-4f905dc7 e-con-full e-flex e-con e-child\" data-id=\"4f905dc7\" data-element_type=\"container\" data-e-type=\"container\">\n\t\t\t\t<div class=\"elementor-element elementor-element-38a407e4 elementor-widget elementor-widget-heading\" data-id=\"38a407e4\" data-element_type=\"widget\" data-e-type=\"widget\" data-widget_type=\"heading.default\">\n\t\t\t\t\t<h2 class=\"elementor-heading-title elementor-size-default\">Gest\u00e3o de documentos<\/h2>\t\t\t\t<\/div>\n\t\t\t\t<div class=\"elementor-element elementor-element-37f51791 elementor-widget-divider--view-line elementor-widget elementor-widget-divider\" data-id=\"37f51791\" data-element_type=\"widget\" data-e-type=\"widget\" data-widget_type=\"divider.default\">\n\t\t\t\t\t\t\t<div class=\"elementor-divider\">\n\t\t\t<span class=\"elementor-divider-separator\">\n\t\t\t\t\t\t<\/span>\n\t\t<\/div>\n\t\t\t\t\t\t<\/div>\n\t\t\t\t<div class=\"elementor-element elementor-element-78133d6b elementor-widget elementor-widget-text-editor\" data-id=\"78133d6b\" data-element_type=\"widget\" data-e-type=\"widget\" data-widget_type=\"text-editor.default\">\n\t\t\t\t\t\t\t\t\t<p>Organize, proteja e acesse seus documentos de forma inteligente com o GED da Megafile. Nossa solu\u00e7\u00e3o de Gerenciamento Eletr\u00f4nico de Documentos transforma a maneira como sua empresa lida com informa\u00e7\u00f5es, oferecendo seguran\u00e7a avan\u00e7ada, otimiza\u00e7\u00e3o de espa\u00e7o e facilidade de acesso aos seus arquivos, de qualquer lugar e a qualquer hora. Simplifique seus processos, reduza custos e impulsione a efici\u00eancia da sua equipe com a Megafile!<\/p>\t\t\t\t\t\t\t\t<\/div>\n\t\t\t\t<\/div>\n\t\t\t\t<\/div>\n\t\t\t\t\t<\/div>\n\t\t\t\t<\/div>\n\t\t\t\t<\/div>\n\t\t","protected":false},"excerpt":{"rendered":"<p>Nossos Servi\u00e7os Al\u00e9m da Contabilidade. Contabilidade Oferecemos servi\u00e7os de contabilidade de alta qualidade, garantindo que sua empresa esteja sempre em conformidade com a legisla\u00e7\u00e3o e aproveitando ao m\u00e1ximo cada oportunidade fiscal. Nossa equipe especializada utiliza tecnologia avan\u00e7ada para fornecer relat\u00f3rios precisos e insights valiosos, permitindo um gerenciamento financeiro eficiente e estrat\u00e9gico. Sistema Nossos sistemas de [&hellip;]<\/p>\n","protected":false},"author":1,"featured_media":0,"parent":0,"menu_order":0,"comment_status":"closed","ping_status":"closed","template":"elementor_header_footer","meta":{"googlesitekit_rrm_CAowopzfCw:productID":"","footnotes":""},"class_list":["post-20","page","type-page","status-publish","hentry"],"jetpack_sharing_enabled":true,"_links":{"self":[{"href":"https:\/\/contabilidade.zip\/index.php?rest_route=\/wp\/v2\/pages\/20","targetHints":{"allow":["GET"]}}],"collection":[{"href":"https:\/\/contabilidade.zip\/index.php?rest_route=\/wp\/v2\/pages"}],"about":[{"href":"https:\/\/contabilidade.zip\/index.php?rest_route=\/wp\/v2\/types\/page"}],"author":[{"embeddable":true,"href":"https:\/\/contabilidade.zip\/index.php?rest_route=\/wp\/v2\/users\/1"}],"replies":[{"embeddable":true,"href":"https:\/\/contabilidade.zip\/index.php?rest_route=%2Fwp%2Fv2%2Fcomments&post=20"}],"version-history":[{"count":26,"href":"https:\/\/contabilidade.zip\/index.php?rest_route=\/wp\/v2\/pages\/20\/revisions"}],"predecessor-version":[{"id":751,"href":"https:\/\/contabilidade.zip\/index.php?rest_route=\/wp\/v2\/pages\/20\/revisions\/751"}],"wp:attachment":[{"href":"https:\/\/contabilidade.zip\/index.php?rest_route=%2Fwp%2Fv2%2Fmedia&parent=20"}],"curies":[{"name":"wp","href":"https:\/\/api.w.org\/{rel}","templated":true}]}}